{"id":9656,"date":"2022-09-12T19:58:36","date_gmt":"2022-09-12T16:58:36","guid":{"rendered":"https:\/\/elkureshi.com\/?page_id=9656"},"modified":"2022-09-12T20:25:17","modified_gmt":"2022-09-12T17:25:17","slug":"urunler","status":"publish","type":"page","link":"https:\/\/elkureshi.com\/tr\/urunler\/","title":{"rendered":"\u00dcr\u00fcnler"},"content":{"rendered":"\t\t<div data-elementor-type=\"wp-page\" data-elementor-id=\"9656\" class=\"elementor elementor-9656 elementor-9287\" data-elementor-post-type=\"page\">\n\t\t\t\t\t\t<section class=\"wd-negative-gap elementor-section elementor-top-section elementor-element elementor-element-d8a42bb elementor-section-boxed elementor-section-height-default elementor-section-height-default\" data-id=\"d8a42bb\" data-element_type=\"section\">\n\t\t\t\t\t\t<div class=\"elementor-container elementor-column-gap-default\">\n\t\t\t\t\t<div class=\"elementor-column elementor-col-50 elementor-top-column elementor-element elementor-element-cf9b1c8\" data-id=\"cf9b1c8\" data-element_type=\"column\" data-settings=\"{&quot;background_background&quot;:&quot;classic&quot;}\">\n\t\t\t<div class=\"elementor-widget-wrap elementor-element-populated\">\n\t\t\t\t\t<div class=\"elementor-background-overlay\"><\/div>\n\t\t\t\t\t\t<div class=\"elementor-element elementor-element-8aa41f3 elementor-widget elementor-widget-heading\" data-id=\"8aa41f3\" data-element_type=\"widget\" data-widget_type=\"heading.default\">\n\t\t\t\t<div class=\"elementor-widget-container\">\n\t\t\t\t\t<h2 class=\"elementor-heading-title elementor-size-default\">Yumu\u015fak Yerba Mate<\/h2>\t\t\t\t<\/div>\n\t\t\t\t<\/div>\n\t\t\t\t<div class=\"elementor-element elementor-element-5fdcb03 color-scheme-inherit text-left elementor-widget elementor-widget-text-editor\" data-id=\"5fdcb03\" data-element_type=\"widget\" data-widget_type=\"text-editor.default\">\n\t\t\t\t<div class=\"elementor-widget-container\">\n\t\t\t\t\t\t\t\t\t<p>Yumu\u015fak tip \u00fc\u00e7 \u00e7e\u015fit i\u00e7erir :<\/p><p>&#8211; Yumu\u015fak tip, hafif ac\u0131l\u0131k<\/p><p>&#8211; Yumu\u015fak tip, orta ac\u0131l\u0131k<\/p><p>&#8211; Yumu\u015fak tip, y\u00fcksek ac\u0131l\u0131k<\/p>\t\t\t\t\t\t\t\t<\/div>\n\t\t\t\t<\/div>\n\t\t\t\t<div class=\"elementor-element elementor-element-e249486 elementor-align-center elementor-widget elementor-widget-button\" data-id=\"e249486\" data-element_type=\"widget\" data-widget_type=\"button.default\">\n\t\t\t\t<div class=\"elementor-widget-container\">\n\t\t\t\t\t\t\t\t\t<div class=\"elementor-button-wrapper\">\n\t\t\t\t\t<a class=\"elementor-button elementor-button-link elementor-size-sm\" href=\"https:\/\/elkureshi.com\/tr\/yumusak-yerba-mate\/\">\n\t\t\t\t\t\t<span class=\"elementor-button-content-wrapper\">\n\t\t\t\t\t\t\t\t\t<span class=\"elementor-button-text\">Devam\u0131n\u0131 oku<\/span>\n\t\t\t\t\t<\/span>\n\t\t\t\t\t<\/a>\n\t\t\t\t<\/div>\n\t\t\t\t\t\t\t\t<\/div>\n\t\t\t\t<\/div>\n\t\t\t\t\t<\/div>\n\t\t<\/div>\n\t\t\t\t<div class=\"elementor-column elementor-col-50 elementor-top-column elementor-element elementor-element-2aaf392\" data-id=\"2aaf392\" data-element_type=\"column\" data-settings=\"{&quot;background_background&quot;:&quot;classic&quot;}\">\n\t\t\t<div class=\"elementor-widget-wrap elementor-element-populated\">\n\t\t\t\t\t<div class=\"elementor-background-overlay\"><\/div>\n\t\t\t\t\t\t<div class=\"elementor-element elementor-element-d67fee3 elementor-widget elementor-widget-heading\" data-id=\"d67fee3\" data-element_type=\"widget\" data-widget_type=\"heading.default\">\n\t\t\t\t<div class=\"elementor-widget-container\">\n\t\t\t\t\t<h2 class=\"elementor-heading-title elementor-size-default\">Kaba Yerba Mate\n<\/h2>\t\t\t\t<\/div>\n\t\t\t\t<\/div>\n\t\t\t\t<div class=\"elementor-element elementor-element-287da3a color-scheme-inherit text-left elementor-widget elementor-widget-text-editor\" data-id=\"287da3a\" data-element_type=\"widget\" data-widget_type=\"text-editor.default\">\n\t\t\t\t<div class=\"elementor-widget-container\">\n\t\t\t\t\t\t\t\t\t<p>Kaba tip \u00fc\u00e7 \u00e7e\u015fit i\u00e7erir :<\/p><p>&#8211; Kaba tip, hafif ac\u0131l\u0131k<\/p><p>&#8211; Kaba tip, orta ac\u0131l\u0131k<\/p><p>&#8211; Kaba tip, ac\u0131l\u0131k olmadan<\/p>\t\t\t\t\t\t\t\t<\/div>\n\t\t\t\t<\/div>\n\t\t\t\t<div class=\"elementor-element elementor-element-977150d elementor-align-center elementor-widget elementor-widget-button\" data-id=\"977150d\" data-element_type=\"widget\" data-widget_type=\"button.default\">\n\t\t\t\t<div class=\"elementor-widget-container\">\n\t\t\t\t\t\t\t\t\t<div class=\"elementor-button-wrapper\">\n\t\t\t\t\t<a class=\"elementor-button elementor-button-link elementor-size-sm\" href=\"https:\/\/elkureshi.com\/tr\/kaba-yerba-mate\/\">\n\t\t\t\t\t\t<span class=\"elementor-button-content-wrapper\">\n\t\t\t\t\t\t\t\t\t<span class=\"elementor-button-text\">Devam\u0131n\u0131 oku<\/span>\n\t\t\t\t\t<\/span>\n\t\t\t\t\t<\/a>\n\t\t\t\t<\/div>\n\t\t\t\t\t\t\t\t<\/div>\n\t\t\t\t<\/div>\n\t\t\t\t\t<\/div>\n\t\t<\/div>\n\t\t\t\t\t<\/div>\n\t\t<\/section>\n\t\t\t\t<section class=\"wd-negative-gap elementor-section elementor-top-section elementor-element elementor-element-2b511a6 elementor-section-boxed elementor-section-height-default elementor-section-height-default\" data-id=\"2b511a6\" data-element_type=\"section\">\n\t\t\t\t\t\t<div class=\"elementor-container elementor-column-gap-default\">\n\t\t\t\t\t<div class=\"elementor-column elementor-col-50 elementor-top-column elementor-element elementor-element-1378c96\" data-id=\"1378c96\" data-element_type=\"column\" data-settings=\"{&quot;background_background&quot;:&quot;classic&quot;}\">\n\t\t\t<div class=\"elementor-widget-wrap elementor-element-populated\">\n\t\t\t\t\t<div class=\"elementor-background-overlay\"><\/div>\n\t\t\t\t\t\t<div class=\"elementor-element elementor-element-e781d7b elementor-widget elementor-widget-heading\" data-id=\"e781d7b\" data-element_type=\"widget\" data-widget_type=\"heading.default\">\n\t\t\t\t<div class=\"elementor-widget-container\">\n\t\t\t\t\t<h2 class=\"elementor-heading-title elementor-size-default\">Ye\u015fil Yerba Mate<\/h2>\t\t\t\t<\/div>\n\t\t\t\t<\/div>\n\t\t\t\t<div class=\"elementor-element elementor-element-b9857a9 color-scheme-inherit text-left elementor-widget elementor-widget-text-editor\" data-id=\"b9857a9\" data-element_type=\"widget\" data-widget_type=\"text-editor.default\">\n\t\t\t\t<div class=\"elementor-widget-container\">\n\t\t\t\t\t\t\t\t\t<p>Yr\u015fil yerba \u00fc\u00e7 t\u00fcr i\u00e7erir :<\/p><p>Yumu\u015fak, ye\u015fil yerba<\/p><p>\u00c7ok yumu\u015fak, ye\u015fil yerba<\/p><p>Kaba, ye\u015fil yerba<\/p>\t\t\t\t\t\t\t\t<\/div>\n\t\t\t\t<\/div>\n\t\t\t\t<div class=\"elementor-element elementor-element-9447a99 elementor-align-center elementor-widget elementor-widget-button\" data-id=\"9447a99\" data-element_type=\"widget\" data-widget_type=\"button.default\">\n\t\t\t\t<div class=\"elementor-widget-container\">\n\t\t\t\t\t\t\t\t\t<div class=\"elementor-button-wrapper\">\n\t\t\t\t\t<a class=\"elementor-button elementor-button-link elementor-size-sm\" href=\"https:\/\/elkureshi.com\/tr\/yesil-yerba-mate\/\">\n\t\t\t\t\t\t<span class=\"elementor-button-content-wrapper\">\n\t\t\t\t\t\t\t\t\t<span class=\"elementor-button-text\">Devam\u0131n\u0131 oku<\/span>\n\t\t\t\t\t<\/span>\n\t\t\t\t\t<\/a>\n\t\t\t\t<\/div>\n\t\t\t\t\t\t\t\t<\/div>\n\t\t\t\t<\/div>\n\t\t\t\t\t<\/div>\n\t\t<\/div>\n\t\t\t\t<div class=\"elementor-column elementor-col-50 elementor-top-column elementor-element elementor-element-db38f7e\" data-id=\"db38f7e\" data-element_type=\"column\" data-settings=\"{&quot;background_background&quot;:&quot;classic&quot;}\">\n\t\t\t<div class=\"elementor-widget-wrap elementor-element-populated\">\n\t\t\t\t\t<div class=\"elementor-background-overlay\"><\/div>\n\t\t\t\t\t\t<div class=\"elementor-element elementor-element-14c502b elementor-widget elementor-widget-heading\" data-id=\"14c502b\" data-element_type=\"widget\" data-widget_type=\"heading.default\">\n\t\t\t\t<div class=\"elementor-widget-container\">\n\t\t\t\t\t<h2 class=\"elementor-heading-title elementor-size-default\">Zarflarda Paketlenmi\u015f Yerba Mate\n<\/h2>\t\t\t\t<\/div>\n\t\t\t\t<\/div>\n\t\t\t\t<div class=\"elementor-element elementor-element-2b6053c color-scheme-inherit text-left elementor-widget elementor-widget-text-editor\" data-id=\"2b6053c\" data-element_type=\"widget\" data-widget_type=\"text-editor.default\">\n\t\t\t\t<div class=\"elementor-widget-container\">\n\t\t\t\t\t\t\t\t\t<p>Farkl\u0131 tat ve tatlara sahip 12 \u00e7e\u015fit zarf vard\u0131r<\/p>\t\t\t\t\t\t\t\t<\/div>\n\t\t\t\t<\/div>\n\t\t\t\t<div class=\"elementor-element elementor-element-81b3177 elementor-align-center elementor-widget elementor-widget-button\" data-id=\"81b3177\" data-element_type=\"widget\" data-widget_type=\"button.default\">\n\t\t\t\t<div class=\"elementor-widget-container\">\n\t\t\t\t\t\t\t\t\t<div class=\"elementor-button-wrapper\">\n\t\t\t\t\t<a class=\"elementor-button elementor-button-link elementor-size-sm\" href=\"https:\/\/elkureshi.com\/tr\/zarflarda-paketlenmis-yerba-mate\/\">\n\t\t\t\t\t\t<span class=\"elementor-button-content-wrapper\">\n\t\t\t\t\t\t\t\t\t<span class=\"elementor-button-text\">Devam\u0131n\u0131 oku<\/span>\n\t\t\t\t\t<\/span>\n\t\t\t\t\t<\/a>\n\t\t\t\t<\/div>\n\t\t\t\t\t\t\t\t<\/div>\n\t\t\t\t<\/div>\n\t\t\t\t\t<\/div>\n\t\t<\/div>\n\t\t\t\t\t<\/div>\n\t\t<\/section>\n\t\t\t\t<\/div>\n\t\t","protected":false},"excerpt":{"rendered":"<p>Yumu\u015fak Yerba Mate Yumu\u015fak tip \u00fc\u00e7 \u00e7e\u015fit i\u00e7erir : &#8211; Yumu\u015fak tip, hafif ac\u0131l\u0131k &#8211; Yumu\u015fak tip, orta ac\u0131l\u0131k &#8211;<\/p>\n","protected":false},"author":2,"featured_media":0,"parent":0,"menu_order":0,"comment_status":"closed","ping_status":"closed","template":"","meta":{"footnotes":""},"class_list":["post-9656","page","type-page","status-publish","hentry"],"_links":{"self":[{"href":"https:\/\/elkureshi.com\/tr\/wp-json\/wp\/v2\/pages\/9656","targetHints":{"allow":["GET"]}}],"collection":[{"href":"https:\/\/elkureshi.com\/tr\/wp-json\/wp\/v2\/pages"}],"about":[{"href":"https:\/\/elkureshi.com\/tr\/wp-json\/wp\/v2\/types\/page"}],"author":[{"embeddable":true,"href":"https:\/\/elkureshi.com\/tr\/wp-json\/wp\/v2\/users\/2"}],"replies":[{"embeddable":true,"href":"https:\/\/elkureshi.com\/tr\/wp-json\/wp\/v2\/comments?post=9656"}],"version-history":[{"count":13,"href":"https:\/\/elkureshi.com\/tr\/wp-json\/wp\/v2\/pages\/9656\/revisions"}],"predecessor-version":[{"id":9695,"href":"https:\/\/elkureshi.com\/tr\/wp-json\/wp\/v2\/pages\/9656\/revisions\/9695"}],"wp:attachment":[{"href":"https:\/\/elkureshi.com\/tr\/wp-json\/wp\/v2\/media?parent=9656"}],"curies":[{"name":"wp","href":"https:\/\/api.w.org\/{rel}","templated":true}]}}