{"id":9649,"date":"2022-09-08T10:20:15","date_gmt":"2022-09-08T07:20:15","guid":{"rendered":"https:\/\/elkureshi.com\/?page_id=9649"},"modified":"2022-09-14T13:01:01","modified_gmt":"2022-09-14T10:01:01","slug":"hakkimizda","status":"publish","type":"page","link":"https:\/\/elkureshi.com\/tr\/hakkimizda\/","title":{"rendered":"Biz kimiz"},"content":{"rendered":"\t\t<div data-elementor-type=\"wp-page\" data-elementor-id=\"9649\" class=\"elementor elementor-9649 elementor-996\" data-elementor-post-type=\"page\">\n\t\t\t\t\t\t<section class=\"wd-negative-gap elementor-section elementor-top-section elementor-element elementor-element-acb6ed3 elementor-section-boxed elementor-section-height-default elementor-section-height-default\" data-id=\"acb6ed3\" data-element_type=\"section\">\n\t\t\t\t\t\t<div class=\"elementor-container elementor-column-gap-default\">\n\t\t\t\t\t<div class=\"elementor-column elementor-col-100 elementor-top-column elementor-element elementor-element-8a40cd1\" data-id=\"8a40cd1\" data-element_type=\"column\">\n\t\t\t<div class=\"elementor-widget-wrap elementor-element-populated\">\n\t\t\t\t\t\t<div class=\"elementor-element elementor-element-867d594 wd-width-100 elementor-widget elementor-widget-wd_title\" data-id=\"867d594\" data-element_type=\"widget\" data-widget_type=\"wd_title.default\">\n\t\t\t\t<div class=\"elementor-widget-container\">\n\t\t\t\t\t\t\t<div class=\"title-wrapper wd-set-mb reset-last-child wd-title-color-default wd-title-style-default wd-title-size-default text-center\">\n\n\t\t\t\n\t\t\t<div class=\"liner-continer\">\n\t\t\t\t<h4 class=\"woodmart-title-container title wd-fontsize-l\">Biz kimiz<\/h4> \n\t\t\t\t\t\t\t<\/div>\n\n\t\t\t\t\t<\/div>\n\t\t\t\t\t\t<\/div>\n\t\t\t\t<\/div>\n\t\t\t\t<section class=\"wd-negative-gap elementor-section elementor-inner-section elementor-element elementor-element-9d61872 elementor-reverse-mobile elementor-section-boxed elementor-section-height-default elementor-section-height-default\" data-id=\"9d61872\" data-element_type=\"section\">\n\t\t\t\t\t\t<div class=\"elementor-container elementor-column-gap-no\">\n\t\t\t\t\t<div class=\"elementor-column elementor-col-50 elementor-inner-column elementor-element elementor-element-602e6ef\" data-id=\"602e6ef\" data-element_type=\"column\">\n\t\t\t<div class=\"elementor-widget-wrap elementor-element-populated\">\n\t\t\t\t\t\t<div class=\"elementor-element elementor-element-ff59680 color-scheme-inherit text-left elementor-widget elementor-widget-text-editor\" data-id=\"ff59680\" data-element_type=\"widget\" data-widget_type=\"text-editor.default\">\n\t\t\t\t<div class=\"elementor-widget-container\">\n\t\t\t\t\t\t\t\t\t<ul><li>Biz yerba mate ticareti yapmak, haz\u0131rlamak, \u00fcretmek ve paketlemek i\u00e7in Al Qurashi \u015eirketi.<br \/>\u015eirketimiz,Yerba mate&#8217;nin \u00e7e\u015fitli t\u00fcr\u00fcleri haz\u0131rlanmas\u0131n\u0131, ambalajlanmas\u0131n\u0131 ve d\u00fcnyan\u0131n her yerine ihracat\u0131n\u0131 sa\u011flar.<\/li><li>\u015eirketimizde, deneyimimiz ile ve sahip oldu\u011fumuz \u00e7al\u0131\u015fma miras\u0131m\u0131z ile \u00fcr\u00fcnlerimiz \u00e7ok dikkatli \u00fcretmektedir.<br \/>T\u00fcketicilerin ihtiya\u00e7lar\u0131n\u0131, isteklerini ve zevklerini kar\u015f\u0131lamak i\u00e7in y\u00fcksek kalitede.<\/li><li>M\u00fc\u015fterilerimizin i\u015flerini ve ticaretini kolayla\u015ft\u0131rmak i\u00e7in arad\u0131klar\u0131 t\u00fcm hizmet ve \u00fcr\u00fcnleri sa\u011fl\u0131yoruz.<\/li><li>M\u00fc\u015fterilerimizin isteklerini profesyonellik ve yeterlilik bir \u015fekilde kar\u015f\u0131lamaya haz\u0131r\u0131z.<\/li><li>T\u00fcrkiye&#8217;de ilk ve tek, Orta Do\u011fu&#8217;nun ve Avrupa&#8217;n\u0131n ikinci yerde alan Laboratuvar t\u00fcm makine ve malzemeleri 304 No&#8217;lu g\u0131da kromundan tasarlanm\u0131\u015f ve donat\u0131lm\u0131\u015ft\u0131r.Tam otomatik oldu\u011fundan \u00fcr\u00fcnlerimiz el ile dokunulmamaktad\u0131r. T\u00fcrkiye&#8217;de ilk, Arap d\u00fcnyas\u0131nda ise ikinci olarak kabul edilmektedir. ve Avrupa.<\/li><li>Fabrikam\u0131z ISO 22000 &amp; ISO 9001 G\u0131da G\u00fcvenli\u011fi Y\u00f6netim Sistemi belgelerine uymas\u0131 yan\u0131 s\u0131ra, yurti\u00e7i ve yurtd\u0131\u015f\u0131nda y\u00fcr\u00fcrl\u00fckte olan t\u00fcm \u015fartlar ve lisanslar eksiksiz olarak uygulanmaktad\u0131r, b\u00f6ylece D\u00fcnya Sa\u011fl\u0131k \u00d6rg\u00fct\u00fc&#8217;n\u00fcn standartlara uygun olan \u00fcr\u00fcnlerimiz hem ihracat hem de yerel t\u00fcketime haz\u0131rd\u0131r<\/li><li>Fiyatlar\u0131m\u0131z dikkatlice konulmaktad\u0131r ve \u00fcr\u00fcn kalitesine k\u0131yasla rekabeti olmamaktad\u0131r.<br \/>\u00dcr\u00fcnlerimizin tamam\u0131 %100 do\u011fal yerba mate a\u011fac\u0131ndan \u00fcretilmi\u015ftir, hi\u00e7bir katk\u0131 maddesi veya koruyucu madde i\u00e7ermez.<\/li><\/ul>\t\t\t\t\t\t\t\t<\/div>\n\t\t\t\t<\/div>\n\t\t\t\t\t<\/div>\n\t\t<\/div>\n\t\t\t\t<div class=\"elementor-column elementor-col-50 elementor-inner-column elementor-element elementor-element-4a817ba\" data-id=\"4a817ba\" data-element_type=\"column\">\n\t\t\t<div class=\"elementor-widget-wrap elementor-element-populated\">\n\t\t\t\t\t\t<div class=\"elementor-element elementor-element-561affc elementor-widget elementor-widget-gallery\" data-id=\"561affc\" data-element_type=\"widget\" data-settings=\"{&quot;columns&quot;:1,&quot;columns_mobile&quot;:2,&quot;lazyload&quot;:&quot;yes&quot;,&quot;gallery_layout&quot;:&quot;grid&quot;,&quot;columns_tablet&quot;:2,&quot;gap&quot;:{&quot;unit&quot;:&quot;px&quot;,&quot;size&quot;:10,&quot;sizes&quot;:[]},&quot;gap_tablet&quot;:{&quot;unit&quot;:&quot;px&quot;,&quot;size&quot;:10,&quot;sizes&quot;:[]},&quot;gap_mobile&quot;:{&quot;unit&quot;:&quot;px&quot;,&quot;size&quot;:10,&quot;sizes&quot;:[]},&quot;link_to&quot;:&quot;file&quot;,&quot;aspect_ratio&quot;:&quot;3:2&quot;,&quot;overlay_background&quot;:&quot;yes&quot;,&quot;content_hover_animation&quot;:&quot;fade-in&quot;}\" data-widget_type=\"gallery.default\">\n\t\t\t\t<div class=\"elementor-widget-container\">\n\t\t\t\t\t\t\t<div class=\"elementor-gallery__container\">\n\t\t\t\t\t\t\t<a class=\"e-gallery-item elementor-gallery-item elementor-animated-content\" href=\"https:\/\/elkureshi.com\/wp-content\/uploads\/2022\/07\/a1.jpg\" data-elementor-open-lightbox=\"yes\" data-elementor-lightbox-slideshow=\"561affc\" data-elementor-lightbox-title=\"a1\" data-e-action-hash=\"#elementor-action%3Aaction%3Dlightbox%26settings%3DeyJpZCI6OTIxMiwidXJsIjoiaHR0cHM6XC9cL2Vsa3VyZXNoaS5jb21cL3dwLWNvbnRlbnRcL3VwbG9hZHNcLzIwMjJcLzA3XC9hMS5qcGciLCJzbGlkZXNob3ciOiI1NjFhZmZjIn0%3D\">\n\t\t\t\t\t<div class=\"e-gallery-image elementor-gallery-item__image\" data-thumbnail=\"https:\/\/elkureshi.com\/wp-content\/uploads\/2022\/07\/a1.jpg\" data-width=\"900\" data-height=\"600\" aria-label=\"\" role=\"img\" ><\/div>\n\t\t\t\t\t\t\t\t\t\t\t<div class=\"elementor-gallery-item__overlay\"><\/div>\n\t\t\t\t\t\t\t\t\t\t\t\t\t\t<\/a>\n\t\t\t\t\t\t\t<a class=\"e-gallery-item elementor-gallery-item elementor-animated-content\" href=\"https:\/\/elkureshi.com\/wp-content\/uploads\/2022\/07\/a2.jpg\" data-elementor-open-lightbox=\"yes\" data-elementor-lightbox-slideshow=\"561affc\" data-elementor-lightbox-title=\"a2\" data-e-action-hash=\"#elementor-action%3Aaction%3Dlightbox%26settings%3DeyJpZCI6OTIxNCwidXJsIjoiaHR0cHM6XC9cL2Vsa3VyZXNoaS5jb21cL3dwLWNvbnRlbnRcL3VwbG9hZHNcLzIwMjJcLzA3XC9hMi5qcGciLCJzbGlkZXNob3ciOiI1NjFhZmZjIn0%3D\">\n\t\t\t\t\t<div class=\"e-gallery-image elementor-gallery-item__image\" data-thumbnail=\"https:\/\/elkureshi.com\/wp-content\/uploads\/2022\/07\/a2.jpg\" data-width=\"900\" data-height=\"665\" aria-label=\"\" role=\"img\" ><\/div>\n\t\t\t\t\t\t\t\t\t\t\t<div class=\"elementor-gallery-item__overlay\"><\/div>\n\t\t\t\t\t\t\t\t\t\t\t\t\t\t<\/a>\n\t\t\t\t\t<\/div>\n\t\t\t\t\t<\/div>\n\t\t\t\t<\/div>\n\t\t\t\t\t<\/div>\n\t\t<\/div>\n\t\t\t\t\t<\/div>\n\t\t<\/section>\n\t\t\t\t\t<\/div>\n\t\t<\/div>\n\t\t\t\t\t<\/div>\n\t\t<\/section>\n\t\t\t\t<\/div>\n\t\t","protected":false},"excerpt":{"rendered":"<p>Biz kimiz Biz yerba mate ticareti yapmak, haz\u0131rlamak, \u00fcretmek ve paketlemek i\u00e7in Al Qurashi \u015eirketi.\u015eirketimiz,Yerba mate&#8217;nin \u00e7e\u015fitli t\u00fcr\u00fcleri haz\u0131rlanmas\u0131n\u0131, ambalajlanmas\u0131n\u0131<\/p>\n","protected":false},"author":1,"featured_media":0,"parent":0,"menu_order":0,"comment_status":"closed","ping_status":"closed","template":"","meta":{"footnotes":""},"class_list":["post-9649","page","type-page","status-publish","hentry"],"_links":{"self":[{"href":"https:\/\/elkureshi.com\/tr\/wp-json\/wp\/v2\/pages\/9649","targetHints":{"allow":["GET"]}}],"collection":[{"href":"https:\/\/elkureshi.com\/tr\/wp-json\/wp\/v2\/pages"}],"about":[{"href":"https:\/\/elkureshi.com\/tr\/wp-json\/wp\/v2\/types\/page"}],"author":[{"embeddable":true,"href":"https:\/\/elkureshi.com\/tr\/wp-json\/wp\/v2\/users\/1"}],"replies":[{"embeddable":true,"href":"https:\/\/elkureshi.com\/tr\/wp-json\/wp\/v2\/comments?post=9649"}],"version-history":[{"count":8,"href":"https:\/\/elkureshi.com\/tr\/wp-json\/wp\/v2\/pages\/9649\/revisions"}],"predecessor-version":[{"id":9774,"href":"https:\/\/elkureshi.com\/tr\/wp-json\/wp\/v2\/pages\/9649\/revisions\/9774"}],"wp:attachment":[{"href":"https:\/\/elkureshi.com\/tr\/wp-json\/wp\/v2\/media?parent=9649"}],"curies":[{"name":"wp","href":"https:\/\/api.w.org\/{rel}","templated":true}]}}