{"id":9644,"date":"2022-09-08T10:17:43","date_gmt":"2022-09-08T07:17:43","guid":{"rendered":"https:\/\/elkureshi.com\/?page_id=9644"},"modified":"2022-09-14T13:03:08","modified_gmt":"2022-09-14T10:03:08","slug":"ithalat-ve-ihracat","status":"publish","type":"page","link":"https:\/\/elkureshi.com\/tr\/ithalat-ve-ihracat\/","title":{"rendered":"\u0130thalat ve ihracat"},"content":{"rendered":"\t\t<div data-elementor-type=\"wp-page\" data-elementor-id=\"9644\" class=\"elementor elementor-9644 elementor-9256\" data-elementor-post-type=\"page\">\n\t\t\t\t\t\t<section class=\"wd-negative-gap elementor-section elementor-top-section elementor-element elementor-element-cf0994b elementor-section-boxed elementor-section-height-default elementor-section-height-default\" data-id=\"cf0994b\" data-element_type=\"section\">\n\t\t\t\t\t\t<div class=\"elementor-container elementor-column-gap-default\">\n\t\t\t\t\t<div class=\"elementor-column elementor-col-100 elementor-top-column elementor-element elementor-element-d5254d9\" data-id=\"d5254d9\" data-element_type=\"column\">\n\t\t\t<div class=\"elementor-widget-wrap elementor-element-populated\">\n\t\t\t\t\t\t<div class=\"elementor-element elementor-element-84b2893 wd-width-100 elementor-widget elementor-widget-wd_title\" data-id=\"84b2893\" data-element_type=\"widget\" data-widget_type=\"wd_title.default\">\n\t\t\t\t<div class=\"elementor-widget-container\">\n\t\t\t\t\t\t\t<div class=\"title-wrapper wd-set-mb reset-last-child wd-title-color-default wd-title-style-default wd-title-size-default text-center\">\n\n\t\t\t\n\t\t\t<div class=\"liner-continer\">\n\t\t\t\t<h4 class=\"woodmart-title-container title wd-fontsize-l\">\u0130thalat ve ihracat<br \/>\n<\/h4> \n\t\t\t\t\t\t\t<\/div>\n\n\t\t\t\t\t<\/div>\n\t\t\t\t\t\t<\/div>\n\t\t\t\t<\/div>\n\t\t\t\t<section class=\"wd-negative-gap elementor-section elementor-inner-section elementor-element elementor-element-63417a6 elementor-reverse-mobile elementor-section-boxed elementor-section-height-default elementor-section-height-default\" data-id=\"63417a6\" data-element_type=\"section\">\n\t\t\t\t\t\t<div class=\"elementor-container elementor-column-gap-no\">\n\t\t\t\t\t<div class=\"elementor-column elementor-col-50 elementor-inner-column elementor-element elementor-element-a09dca8\" data-id=\"a09dca8\" data-element_type=\"column\">\n\t\t\t<div class=\"elementor-widget-wrap elementor-element-populated\">\n\t\t\t\t\t\t<div class=\"elementor-element elementor-element-528c7f2 color-scheme-inherit text-left elementor-widget elementor-widget-text-editor\" data-id=\"528c7f2\" data-element_type=\"widget\" data-widget_type=\"text-editor.default\">\n\t\t\t\t<div class=\"elementor-widget-container\">\n\t\t\t\t\t\t\t\t\t<ul><li>Yerba mate&#8217;nin \u00e7e\u015fitlerini ve t\u00fcrlerini, haz\u0131rlanmas\u0131n\u0131, paketlenmesini ve d\u00fcnyan\u0131n her yerine ihracat\u0131n\u0131 sa\u011flamaktay\u0131z, ayr\u0131ca m\u00fc\u015fterinin belirledi\u011fi ve se\u00e7ti\u011fi \u00fcr\u00fcn\u00fcn haz\u0131rlama, paketleme ve belirtilen yere nakliyesi ve teslimi imkan\u0131 sunmaktay\u0131z.<\/li><li>T\u00fcketicinin ihtiya\u00e7 duydu\u011fu ve istedi\u011fi lezzet ve tat konusunda m\u00fc\u015fterilerimize dan\u0131\u015fma ve tavsiye verme imkan\u0131 sunmaktay\u0131z.<\/li><\/ul>\t\t\t\t\t\t\t\t<\/div>\n\t\t\t\t<\/div>\n\t\t\t\t\t<\/div>\n\t\t<\/div>\n\t\t\t\t<div class=\"elementor-column elementor-col-50 elementor-inner-column elementor-element elementor-element-43574b6\" data-id=\"43574b6\" data-element_type=\"column\">\n\t\t\t<div class=\"elementor-widget-wrap elementor-element-populated\">\n\t\t\t\t\t\t<div class=\"elementor-element elementor-element-bb2e935 elementor-widget elementor-widget-gallery\" data-id=\"bb2e935\" data-element_type=\"widget\" data-settings=\"{&quot;columns&quot;:2,&quot;columns_mobile&quot;:2,&quot;lazyload&quot;:&quot;yes&quot;,&quot;gallery_layout&quot;:&quot;grid&quot;,&quot;columns_tablet&quot;:2,&quot;gap&quot;:{&quot;unit&quot;:&quot;px&quot;,&quot;size&quot;:10,&quot;sizes&quot;:[]},&quot;gap_tablet&quot;:{&quot;unit&quot;:&quot;px&quot;,&quot;size&quot;:10,&quot;sizes&quot;:[]},&quot;gap_mobile&quot;:{&quot;unit&quot;:&quot;px&quot;,&quot;size&quot;:10,&quot;sizes&quot;:[]},&quot;link_to&quot;:&quot;file&quot;,&quot;aspect_ratio&quot;:&quot;3:2&quot;,&quot;overlay_background&quot;:&quot;yes&quot;,&quot;content_hover_animation&quot;:&quot;fade-in&quot;}\" data-widget_type=\"gallery.default\">\n\t\t\t\t<div class=\"elementor-widget-container\">\n\t\t\t\t\t\t\t<div class=\"elementor-gallery__container\">\n\t\t\t\t\t\t\t<a class=\"e-gallery-item elementor-gallery-item elementor-animated-content\" href=\"https:\/\/elkureshi.com\/wp-content\/uploads\/2022\/07\/z1.jpg\" data-elementor-open-lightbox=\"yes\" data-elementor-lightbox-slideshow=\"bb2e935\" data-elementor-lightbox-title=\"z1\" data-e-action-hash=\"#elementor-action%3Aaction%3Dlightbox%26settings%3DeyJpZCI6OTI2MSwidXJsIjoiaHR0cHM6XC9cL2Vsa3VyZXNoaS5jb21cL3dwLWNvbnRlbnRcL3VwbG9hZHNcLzIwMjJcLzA3XC96MS5qcGciLCJzbGlkZXNob3ciOiJiYjJlOTM1In0%3D\">\n\t\t\t\t\t<div class=\"e-gallery-image elementor-gallery-item__image\" data-thumbnail=\"https:\/\/elkureshi.com\/wp-content\/uploads\/2022\/07\/z1.jpg\" data-width=\"900\" data-height=\"600\" aria-label=\"\" role=\"img\" ><\/div>\n\t\t\t\t\t\t\t\t\t\t\t<div class=\"elementor-gallery-item__overlay\"><\/div>\n\t\t\t\t\t\t\t\t\t\t\t\t\t\t<\/a>\n\t\t\t\t\t\t\t<a class=\"e-gallery-item elementor-gallery-item elementor-animated-content\" href=\"https:\/\/elkureshi.com\/wp-content\/uploads\/2022\/07\/z2.jpg\" data-elementor-open-lightbox=\"yes\" data-elementor-lightbox-slideshow=\"bb2e935\" data-elementor-lightbox-title=\"z2\" data-e-action-hash=\"#elementor-action%3Aaction%3Dlightbox%26settings%3DeyJpZCI6OTI2MywidXJsIjoiaHR0cHM6XC9cL2Vsa3VyZXNoaS5jb21cL3dwLWNvbnRlbnRcL3VwbG9hZHNcLzIwMjJcLzA3XC96Mi5qcGciLCJzbGlkZXNob3ciOiJiYjJlOTM1In0%3D\">\n\t\t\t\t\t<div class=\"e-gallery-image elementor-gallery-item__image\" data-thumbnail=\"https:\/\/elkureshi.com\/wp-content\/uploads\/2022\/07\/z2.jpg\" data-width=\"900\" data-height=\"600\" aria-label=\"\" role=\"img\" ><\/div>\n\t\t\t\t\t\t\t\t\t\t\t<div class=\"elementor-gallery-item__overlay\"><\/div>\n\t\t\t\t\t\t\t\t\t\t\t\t\t\t<\/a>\n\t\t\t\t\t\t\t<a class=\"e-gallery-item elementor-gallery-item elementor-animated-content\" href=\"https:\/\/elkureshi.com\/wp-content\/uploads\/2022\/07\/z3.jpg\" data-elementor-open-lightbox=\"yes\" data-elementor-lightbox-slideshow=\"bb2e935\" data-elementor-lightbox-title=\"z3\" data-e-action-hash=\"#elementor-action%3Aaction%3Dlightbox%26settings%3DeyJpZCI6OTI2NSwidXJsIjoiaHR0cHM6XC9cL2Vsa3VyZXNoaS5jb21cL3dwLWNvbnRlbnRcL3VwbG9hZHNcLzIwMjJcLzA3XC96My5qcGciLCJzbGlkZXNob3ciOiJiYjJlOTM1In0%3D\">\n\t\t\t\t\t<div class=\"e-gallery-image elementor-gallery-item__image\" data-thumbnail=\"https:\/\/elkureshi.com\/wp-content\/uploads\/2022\/07\/z3.jpg\" data-width=\"900\" data-height=\"600\" aria-label=\"\" role=\"img\" ><\/div>\n\t\t\t\t\t\t\t\t\t\t\t<div class=\"elementor-gallery-item__overlay\"><\/div>\n\t\t\t\t\t\t\t\t\t\t\t\t\t\t<\/a>\n\t\t\t\t\t\t\t<a class=\"e-gallery-item elementor-gallery-item elementor-animated-content\" href=\"https:\/\/elkureshi.com\/wp-content\/uploads\/2022\/07\/z4.jpg\" data-elementor-open-lightbox=\"yes\" data-elementor-lightbox-slideshow=\"bb2e935\" data-elementor-lightbox-title=\"z4\" data-e-action-hash=\"#elementor-action%3Aaction%3Dlightbox%26settings%3DeyJpZCI6OTI2NywidXJsIjoiaHR0cHM6XC9cL2Vsa3VyZXNoaS5jb21cL3dwLWNvbnRlbnRcL3VwbG9hZHNcLzIwMjJcLzA3XC96NC5qcGciLCJzbGlkZXNob3ciOiJiYjJlOTM1In0%3D\">\n\t\t\t\t\t<div class=\"e-gallery-image elementor-gallery-item__image\" data-thumbnail=\"https:\/\/elkureshi.com\/wp-content\/uploads\/2022\/07\/z4.jpg\" data-width=\"900\" data-height=\"668\" aria-label=\"\" role=\"img\" ><\/div>\n\t\t\t\t\t\t\t\t\t\t\t<div class=\"elementor-gallery-item__overlay\"><\/div>\n\t\t\t\t\t\t\t\t\t\t\t\t\t\t<\/a>\n\t\t\t\t\t<\/div>\n\t\t\t\t\t<\/div>\n\t\t\t\t<\/div>\n\t\t\t\t\t<\/div>\n\t\t<\/div>\n\t\t\t\t\t<\/div>\n\t\t<\/section>\n\t\t\t\t\t<\/div>\n\t\t<\/div>\n\t\t\t\t\t<\/div>\n\t\t<\/section>\n\t\t\t\t<\/div>\n\t\t","protected":false},"excerpt":{"rendered":"<p>\u0130thalat ve ihracat Yerba mate&#8217;nin \u00e7e\u015fitlerini ve t\u00fcrlerini, haz\u0131rlanmas\u0131n\u0131, paketlenmesini ve d\u00fcnyan\u0131n her yerine ihracat\u0131n\u0131 sa\u011flamaktay\u0131z, ayr\u0131ca m\u00fc\u015fterinin belirledi\u011fi ve<\/p>\n","protected":false},"author":1,"featured_media":0,"parent":0,"menu_order":0,"comment_status":"closed","ping_status":"closed","template":"","meta":{"footnotes":""},"class_list":["post-9644","page","type-page","status-publish","hentry"],"_links":{"self":[{"href":"https:\/\/elkureshi.com\/tr\/wp-json\/wp\/v2\/pages\/9644","targetHints":{"allow":["GET"]}}],"collection":[{"href":"https:\/\/elkureshi.com\/tr\/wp-json\/wp\/v2\/pages"}],"about":[{"href":"https:\/\/elkureshi.com\/tr\/wp-json\/wp\/v2\/types\/page"}],"author":[{"embeddable":true,"href":"https:\/\/elkureshi.com\/tr\/wp-json\/wp\/v2\/users\/1"}],"replies":[{"embeddable":true,"href":"https:\/\/elkureshi.com\/tr\/wp-json\/wp\/v2\/comments?post=9644"}],"version-history":[{"count":7,"href":"https:\/\/elkureshi.com\/tr\/wp-json\/wp\/v2\/pages\/9644\/revisions"}],"predecessor-version":[{"id":9780,"href":"https:\/\/elkureshi.com\/tr\/wp-json\/wp\/v2\/pages\/9644\/revisions\/9780"}],"wp:attachment":[{"href":"https:\/\/elkureshi.com\/tr\/wp-json\/wp\/v2\/media?parent=9644"}],"curies":[{"name":"wp","href":"https:\/\/api.w.org\/{rel}","templated":true}]}}