{"id":9639,"date":"2022-09-08T10:15:41","date_gmt":"2022-09-08T07:15:41","guid":{"rendered":"https:\/\/elkureshi.com\/?page_id=9639"},"modified":"2022-09-08T10:16:49","modified_gmt":"2022-09-08T07:16:49","slug":"ambalajlama","status":"publish","type":"page","link":"https:\/\/elkureshi.com\/tr\/ambalajlama\/","title":{"rendered":"Ambalajlama"},"content":{"rendered":"\t\t<div data-elementor-type=\"wp-page\" data-elementor-id=\"9639\" class=\"elementor elementor-9639 elementor-9242\" data-elementor-post-type=\"page\">\n\t\t\t\t\t\t<section class=\"wd-negative-gap elementor-section elementor-top-section elementor-element elementor-element-d45b425 elementor-section-boxed elementor-section-height-default elementor-section-height-default\" data-id=\"d45b425\" data-element_type=\"section\">\n\t\t\t\t\t\t<div class=\"elementor-container elementor-column-gap-default\">\n\t\t\t\t\t<div class=\"elementor-column elementor-col-100 elementor-top-column elementor-element elementor-element-fc14c2e\" data-id=\"fc14c2e\" data-element_type=\"column\">\n\t\t\t<div class=\"elementor-widget-wrap elementor-element-populated\">\n\t\t\t\t\t\t<div class=\"elementor-element elementor-element-548290f wd-width-100 elementor-widget elementor-widget-wd_title\" data-id=\"548290f\" data-element_type=\"widget\" data-widget_type=\"wd_title.default\">\n\t\t\t\t<div class=\"elementor-widget-container\">\n\t\t\t\t\t\t\t<div class=\"title-wrapper wd-set-mb reset-last-child wd-title-color-default wd-title-style-default wd-title-size-default text-center\">\n\n\t\t\t\n\t\t\t<div class=\"liner-continer\">\n\t\t\t\t<h4 class=\"woodmart-title-container title wd-fontsize-l\">Ambalajlama<\/h4> \n\t\t\t\t\t\t\t<\/div>\n\n\t\t\t\t\t<\/div>\n\t\t\t\t\t\t<\/div>\n\t\t\t\t<\/div>\n\t\t\t\t<section class=\"wd-negative-gap elementor-section elementor-inner-section elementor-element elementor-element-6b46358 elementor-reverse-mobile elementor-section-boxed elementor-section-height-default elementor-section-height-default\" data-id=\"6b46358\" data-element_type=\"section\">\n\t\t\t\t\t\t<div class=\"elementor-container elementor-column-gap-no\">\n\t\t\t\t\t<div class=\"elementor-column elementor-col-50 elementor-inner-column elementor-element elementor-element-3d2baa0\" data-id=\"3d2baa0\" data-element_type=\"column\">\n\t\t\t<div class=\"elementor-widget-wrap elementor-element-populated\">\n\t\t\t\t\t\t<div class=\"elementor-element elementor-element-74cfcc4 color-scheme-inherit text-left elementor-widget elementor-widget-text-editor\" data-id=\"74cfcc4\" data-element_type=\"widget\" data-widget_type=\"text-editor.default\">\n\t\t\t\t<div class=\"elementor-widget-container\">\n\t\t\t\t\t\t\t\t\t<p>Laboratuvar, uluslararas\u0131 \u00f6l\u00e7\u00fcm ve \u015fartnamelere g\u00f6re lisanslanm\u0131\u015ft\u0131r ve yerel ve k\u00fcresel olarak y\u00fcr\u00fcrl\u00fckte olan t\u00fcm lisans ve sertifikalara sahiptir. Uluslararas\u0131 s\u0131n\u0131fland\u0131r\u0131lm\u0131\u015f ve 9001 &amp; 22000 No&#8217;lu ISO belgelerine sahip 304 No&#8217;lu g\u0131da kromundan \u00fcretilmi\u015ftir. Laboratuvar tam otomatik olup Sa\u011fl\u0131k, Ticaret ve Sanayi Bakanl\u0131klar\u0131ndan lisansl\u0131d\u0131r ve \u00fcr\u00fcne el de\u011fmez.<br \/>Laboratuvar, gerekli \u00fcr\u00fcn\u00fc belirlemek i\u00e7in kalite, renk, tat ve aromay\u0131 do\u011frulamak i\u00e7in analiz laboratuvar\u0131ndan ba\u015flayarak kurutma, ay\u0131rma, \u00f6\u011f\u00fctme ve paketlemeye kadar t\u00fcm a\u015famalardan ge\u00e7erek t\u00fcm gereksinimleri ve mekanizmalar\u0131 ile entegredir. Paketleme y\u00f6ntemleri a\u00e7\u0131s\u0131ndan d\u00fcnyada t\u00fcr\u00fcn\u00fcn ilk \u00f6rne\u011fidir. \u00dcr\u00fcn\u00fc formda (geleneksel ka\u011f\u0131t) doldurmak m\u00fcmk\u00fcnd\u00fcr ve yenisi, m\u00fc\u015fterinin iste\u011fine g\u00f6re \u00fcr\u00fcn\u00fc istenilen a\u011f\u0131rl\u0131k ve ebatta cam, demir veya karton kaplara paketleme imkan\u0131d\u0131r.<\/p>\t\t\t\t\t\t\t\t<\/div>\n\t\t\t\t<\/div>\n\t\t\t\t\t<\/div>\n\t\t<\/div>\n\t\t\t\t<div class=\"elementor-column elementor-col-50 elementor-inner-column elementor-element elementor-element-159bf8b\" data-id=\"159bf8b\" data-element_type=\"column\">\n\t\t\t<div class=\"elementor-widget-wrap elementor-element-populated\">\n\t\t\t\t\t\t<div class=\"elementor-element elementor-element-ecb0ad1 elementor-widget elementor-widget-gallery\" data-id=\"ecb0ad1\" data-element_type=\"widget\" data-settings=\"{&quot;columns&quot;:2,&quot;columns_mobile&quot;:2,&quot;lazyload&quot;:&quot;yes&quot;,&quot;gallery_layout&quot;:&quot;grid&quot;,&quot;columns_tablet&quot;:2,&quot;gap&quot;:{&quot;unit&quot;:&quot;px&quot;,&quot;size&quot;:10,&quot;sizes&quot;:[]},&quot;gap_tablet&quot;:{&quot;unit&quot;:&quot;px&quot;,&quot;size&quot;:10,&quot;sizes&quot;:[]},&quot;gap_mobile&quot;:{&quot;unit&quot;:&quot;px&quot;,&quot;size&quot;:10,&quot;sizes&quot;:[]},&quot;link_to&quot;:&quot;file&quot;,&quot;aspect_ratio&quot;:&quot;3:2&quot;,&quot;overlay_background&quot;:&quot;yes&quot;,&quot;content_hover_animation&quot;:&quot;fade-in&quot;}\" data-widget_type=\"gallery.default\">\n\t\t\t\t<div class=\"elementor-widget-container\">\n\t\t\t\t\t\t\t<div class=\"elementor-gallery__container\">\n\t\t\t\t\t\t\t<a class=\"e-gallery-item elementor-gallery-item elementor-animated-content\" href=\"https:\/\/elkureshi.com\/wp-content\/uploads\/2022\/07\/t1.jpg\" data-elementor-open-lightbox=\"yes\" data-elementor-lightbox-slideshow=\"ecb0ad1\" data-elementor-lightbox-title=\"t1\" data-e-action-hash=\"#elementor-action%3Aaction%3Dlightbox%26settings%3DeyJpZCI6OTI0NSwidXJsIjoiaHR0cHM6XC9cL2Vsa3VyZXNoaS5jb21cL3dwLWNvbnRlbnRcL3VwbG9hZHNcLzIwMjJcLzA3XC90MS5qcGciLCJzbGlkZXNob3ciOiJlY2IwYWQxIn0%3D\">\n\t\t\t\t\t<div class=\"e-gallery-image elementor-gallery-item__image\" data-thumbnail=\"https:\/\/elkureshi.com\/wp-content\/uploads\/2022\/07\/t1.jpg\" data-width=\"900\" data-height=\"506\" aria-label=\"\" role=\"img\" ><\/div>\n\t\t\t\t\t\t\t\t\t\t\t<div class=\"elementor-gallery-item__overlay\"><\/div>\n\t\t\t\t\t\t\t\t\t\t\t\t\t\t<\/a>\n\t\t\t\t\t\t\t<a class=\"e-gallery-item elementor-gallery-item elementor-animated-content\" href=\"https:\/\/elkureshi.com\/wp-content\/uploads\/2022\/07\/t2.jpg\" data-elementor-open-lightbox=\"yes\" data-elementor-lightbox-slideshow=\"ecb0ad1\" data-elementor-lightbox-title=\"t2\" data-e-action-hash=\"#elementor-action%3Aaction%3Dlightbox%26settings%3DeyJpZCI6OTI0NywidXJsIjoiaHR0cHM6XC9cL2Vsa3VyZXNoaS5jb21cL3dwLWNvbnRlbnRcL3VwbG9hZHNcLzIwMjJcLzA3XC90Mi5qcGciLCJzbGlkZXNob3ciOiJlY2IwYWQxIn0%3D\">\n\t\t\t\t\t<div class=\"e-gallery-image elementor-gallery-item__image\" data-thumbnail=\"https:\/\/elkureshi.com\/wp-content\/uploads\/2022\/07\/t2.jpg\" data-width=\"900\" data-height=\"506\" aria-label=\"\" role=\"img\" ><\/div>\n\t\t\t\t\t\t\t\t\t\t\t<div class=\"elementor-gallery-item__overlay\"><\/div>\n\t\t\t\t\t\t\t\t\t\t\t\t\t\t<\/a>\n\t\t\t\t\t\t\t<a class=\"e-gallery-item elementor-gallery-item elementor-animated-content\" href=\"https:\/\/elkureshi.com\/wp-content\/uploads\/2022\/07\/t3.jpg\" data-elementor-open-lightbox=\"yes\" data-elementor-lightbox-slideshow=\"ecb0ad1\" data-elementor-lightbox-title=\"t3\" data-e-action-hash=\"#elementor-action%3Aaction%3Dlightbox%26settings%3DeyJpZCI6OTI0OSwidXJsIjoiaHR0cHM6XC9cL2Vsa3VyZXNoaS5jb21cL3dwLWNvbnRlbnRcL3VwbG9hZHNcLzIwMjJcLzA3XC90My5qcGciLCJzbGlkZXNob3ciOiJlY2IwYWQxIn0%3D\">\n\t\t\t\t\t<div class=\"e-gallery-image elementor-gallery-item__image\" data-thumbnail=\"https:\/\/elkureshi.com\/wp-content\/uploads\/2022\/07\/t3.jpg\" data-width=\"900\" data-height=\"475\" aria-label=\"\" role=\"img\" ><\/div>\n\t\t\t\t\t\t\t\t\t\t\t<div class=\"elementor-gallery-item__overlay\"><\/div>\n\t\t\t\t\t\t\t\t\t\t\t\t\t\t<\/a>\n\t\t\t\t\t\t\t<a class=\"e-gallery-item elementor-gallery-item elementor-animated-content\" href=\"https:\/\/elkureshi.com\/wp-content\/uploads\/2022\/07\/t4.jpg\" data-elementor-open-lightbox=\"yes\" data-elementor-lightbox-slideshow=\"ecb0ad1\" data-elementor-lightbox-title=\"t4\" data-e-action-hash=\"#elementor-action%3Aaction%3Dlightbox%26settings%3DeyJpZCI6OTI1MSwidXJsIjoiaHR0cHM6XC9cL2Vsa3VyZXNoaS5jb21cL3dwLWNvbnRlbnRcL3VwbG9hZHNcLzIwMjJcLzA3XC90NC5qcGciLCJzbGlkZXNob3ciOiJlY2IwYWQxIn0%3D\">\n\t\t\t\t\t<div class=\"e-gallery-image elementor-gallery-item__image\" data-thumbnail=\"https:\/\/elkureshi.com\/wp-content\/uploads\/2022\/07\/t4.jpg\" data-width=\"900\" data-height=\"506\" aria-label=\"\" role=\"img\" ><\/div>\n\t\t\t\t\t\t\t\t\t\t\t<div class=\"elementor-gallery-item__overlay\"><\/div>\n\t\t\t\t\t\t\t\t\t\t\t\t\t\t<\/a>\n\t\t\t\t\t<\/div>\n\t\t\t\t\t<\/div>\n\t\t\t\t<\/div>\n\t\t\t\t\t<\/div>\n\t\t<\/div>\n\t\t\t\t\t<\/div>\n\t\t<\/section>\n\t\t\t\t\t<\/div>\n\t\t<\/div>\n\t\t\t\t\t<\/div>\n\t\t<\/section>\n\t\t\t\t<\/div>\n\t\t","protected":false},"excerpt":{"rendered":"<p>Ambalajlama Laboratuvar, uluslararas\u0131 \u00f6l\u00e7\u00fcm ve \u015fartnamelere g\u00f6re lisanslanm\u0131\u015ft\u0131r ve yerel ve k\u00fcresel olarak y\u00fcr\u00fcrl\u00fckte olan t\u00fcm lisans ve sertifikalara sahiptir.<\/p>\n","protected":false},"author":1,"featured_media":0,"parent":0,"menu_order":0,"comment_status":"closed","ping_status":"closed","template":"","meta":{"footnotes":""},"class_list":["post-9639","page","type-page","status-publish","hentry"],"_links":{"self":[{"href":"https:\/\/elkureshi.com\/tr\/wp-json\/wp\/v2\/pages\/9639","targetHints":{"allow":["GET"]}}],"collection":[{"href":"https:\/\/elkureshi.com\/tr\/wp-json\/wp\/v2\/pages"}],"about":[{"href":"https:\/\/elkureshi.com\/tr\/wp-json\/wp\/v2\/types\/page"}],"author":[{"embeddable":true,"href":"https:\/\/elkureshi.com\/tr\/wp-json\/wp\/v2\/users\/1"}],"replies":[{"embeddable":true,"href":"https:\/\/elkureshi.com\/tr\/wp-json\/wp\/v2\/comments?post=9639"}],"version-history":[{"count":4,"href":"https:\/\/elkureshi.com\/tr\/wp-json\/wp\/v2\/pages\/9639\/revisions"}],"predecessor-version":[{"id":9643,"href":"https:\/\/elkureshi.com\/tr\/wp-json\/wp\/v2\/pages\/9639\/revisions\/9643"}],"wp:attachment":[{"href":"https:\/\/elkureshi.com\/tr\/wp-json\/wp\/v2\/media?parent=9639"}],"curies":[{"name":"wp","href":"https:\/\/api.w.org\/{rel}","templated":true}]}}