{"id":9631,"date":"2022-09-08T10:09:04","date_gmt":"2022-09-08T07:09:04","guid":{"rendered":"https:\/\/elkureshi.com\/?page_id=9631"},"modified":"2022-09-14T13:02:07","modified_gmt":"2022-09-14T10:02:07","slug":"hizmetlerimiz-2","status":"publish","type":"page","link":"https:\/\/elkureshi.com\/tr\/hizmetlerimiz-2\/","title":{"rendered":"Hizmetlerimiz"},"content":{"rendered":"\t\t<div data-elementor-type=\"wp-page\" data-elementor-id=\"9631\" class=\"elementor elementor-9631 elementor-8572\" data-elementor-post-type=\"page\">\n\t\t\t\t\t\t<section class=\"wd-negative-gap elementor-section elementor-top-section elementor-element elementor-element-a66a8b9 elementor-section-boxed elementor-section-height-default elementor-section-height-default\" data-id=\"a66a8b9\" data-element_type=\"section\">\n\t\t\t\t\t\t<div class=\"elementor-container elementor-column-gap-default\">\n\t\t\t\t\t<div class=\"elementor-column elementor-col-100 elementor-top-column elementor-element elementor-element-f9bddd4\" data-id=\"f9bddd4\" data-element_type=\"column\">\n\t\t\t<div class=\"elementor-widget-wrap elementor-element-populated\">\n\t\t\t\t\t\t<div class=\"elementor-element elementor-element-94b0999 wd-width-100 elementor-widget elementor-widget-wd_title\" data-id=\"94b0999\" data-element_type=\"widget\" data-widget_type=\"wd_title.default\">\n\t\t\t\t<div class=\"elementor-widget-container\">\n\t\t\t\t\t\t\t<div class=\"title-wrapper wd-set-mb reset-last-child wd-title-color-default wd-title-style-default wd-title-size-default text-center\">\n\n\t\t\t\n\t\t\t<div class=\"liner-continer\">\n\t\t\t\t<h4 class=\"woodmart-title-container title wd-fontsize-l\">Hizmetlerimiz<br \/>\n<\/h4> \n\t\t\t\t\t\t\t<\/div>\n\n\t\t\t\t\t<\/div>\n\t\t\t\t\t\t<\/div>\n\t\t\t\t<\/div>\n\t\t\t\t<section class=\"wd-negative-gap elementor-section elementor-inner-section elementor-element elementor-element-7934642 elementor-reverse-mobile elementor-section-boxed elementor-section-height-default elementor-section-height-default\" data-id=\"7934642\" data-element_type=\"section\">\n\t\t\t\t\t\t<div class=\"elementor-container elementor-column-gap-no\">\n\t\t\t\t\t<div class=\"elementor-column elementor-col-50 elementor-inner-column elementor-element elementor-element-2a19e98\" data-id=\"2a19e98\" data-element_type=\"column\">\n\t\t\t<div class=\"elementor-widget-wrap elementor-element-populated\">\n\t\t\t\t\t\t<div class=\"elementor-element elementor-element-ed42237 color-scheme-inherit text-left elementor-widget elementor-widget-text-editor\" data-id=\"ed42237\" data-element_type=\"widget\" data-widget_type=\"text-editor.default\">\n\t\t\t\t<div class=\"elementor-widget-container\">\n\t\t\t\t\t\t\t\t\t<p>\u015eirketimizde, yerba mate yapraklar\u0131n\u0131 belirli ve belirli alanlardan ve \u00e7iftliklerden ithal etmekte ve yerba mate yapra\u011f\u0131 hemen hemen ayn\u0131 \u015fekle sahip oldu\u011fu i\u00e7in sat\u0131n alma rastgele yap\u0131lmamakta, ancak a\u011fa\u00e7 t\u00fcr\u00fc, arazinin do\u011fas\u0131 ve i\u00e7eri\u011fi bak\u0131m\u0131ndan farkl\u0131l\u0131k g\u00f6stermektedir. dikildi\u011fi ortam, a\u011fa\u00e7lar\u0131n\u0131n erkek ve di\u015fi olarak s\u0131n\u0131fland\u0131r\u0131ld\u0131\u011f\u0131 ovalarda ve da\u011flarda yeti\u015ftirilir ve di\u015fi a\u011fa\u00e7 daha d\u00fc\u015f\u00fck oranda kafein i\u00e7erdi\u011fi i\u00e7in daha faydal\u0131d\u0131r, \u00e7\u00fcnk\u00fc her biri farkl\u0131 tatlara sahiptir. <br \/>M\u00fc\u015fterin i\u00e7erdi\u011fin tercih etti\u011fi ve istedi\u011fi t\u00fcr, kalite, tat, lezzet ve renk a\u00e7\u0131s\u0131ndan en uygun ve en iyiyi se\u00e7mek i\u00e7in profesyonel olarak dikkate al\u0131nmas\u0131 gereken \u00f6zellikler ve di\u011fer bir\u00e7ok husus bulunmaktad\u0131r.<br \/>\u015eirket, g\u00f6nderileri inceleme ve analizlerin yap\u0131lmas\u0131 i\u00e7in yetkili devlet kurumlar\u0131na aktar\u0131r. Bu hususlar, g\u00f6nderilerin D\u00fcnya Sa\u011fl\u0131k \u00d6rg\u00fct\u00fc&#8217;n\u00fcn standart spesifikasyonlar\u0131na uymas\u0131 i\u00e7in ihracat\u00e7\u0131 ve ithalat\u00e7\u0131 \u00fclkeler taraf\u0131ndan ger\u00e7ekle\u015ftirilir. Burada laboratuvar\u0131m\u0131zda \u00e7al\u0131\u015fmalar\u0131m\u0131z ba\u015fl\u0131yor ki y\u00fcksek profesyonellik gerekli tad\u0131 ve aromay\u0131 elde etmek i\u00e7in oranlar\u0131 haz\u0131rlamak ve belirlemek i\u00e7in laboratuvar\u0131m\u0131z fabrikam\u0131zda temel yer almaktad\u0131r.<br \/>\u015eirket, kendi markalar\u0131 aroma, tat ve istenilen isme sahip toptanc\u0131lar i\u00e7in, kendi menfaatleri i\u00e7in doldurulacak isim veya markan\u0131n tescilli ve resmi tasdikli olmas\u0131 kayd\u0131yla, kurallarda mutab\u0131k kal\u0131nan ve s\u00f6zle\u015fme imzalanan yerba mate&#8217;i haz\u0131rlay\u0131p doldurmaya haz\u0131rd\u0131r. Ambalaj\u0131n farkl\u0131 boyutlar\u0131na ek olarak, taklitten korumak i\u00e7in \u00fcr\u00fcn ambalaj\u0131n\u0131n i\u00e7ine, \u00fczerinde marka ad\u0131n\u0131n yaz\u0131l\u0131 oldu\u011fu bir \u015firket ve marka kodunu i\u00e7eren bir ip bulunmaktad\u0131r.<\/p>\t\t\t\t\t\t\t\t<\/div>\n\t\t\t\t<\/div>\n\t\t\t\t\t<\/div>\n\t\t<\/div>\n\t\t\t\t<div class=\"elementor-column elementor-col-50 elementor-inner-column elementor-element elementor-element-3b3e91f\" data-id=\"3b3e91f\" data-element_type=\"column\">\n\t\t\t<div class=\"elementor-widget-wrap elementor-element-populated\">\n\t\t\t\t\t\t<div class=\"elementor-element elementor-element-685f597 elementor-widget elementor-widget-gallery\" data-id=\"685f597\" data-element_type=\"widget\" data-settings=\"{&quot;columns&quot;:1,&quot;columns_mobile&quot;:2,&quot;lazyload&quot;:&quot;yes&quot;,&quot;gallery_layout&quot;:&quot;grid&quot;,&quot;columns_tablet&quot;:2,&quot;gap&quot;:{&quot;unit&quot;:&quot;px&quot;,&quot;size&quot;:10,&quot;sizes&quot;:[]},&quot;gap_tablet&quot;:{&quot;unit&quot;:&quot;px&quot;,&quot;size&quot;:10,&quot;sizes&quot;:[]},&quot;gap_mobile&quot;:{&quot;unit&quot;:&quot;px&quot;,&quot;size&quot;:10,&quot;sizes&quot;:[]},&quot;link_to&quot;:&quot;file&quot;,&quot;aspect_ratio&quot;:&quot;3:2&quot;,&quot;overlay_background&quot;:&quot;yes&quot;,&quot;content_hover_animation&quot;:&quot;fade-in&quot;}\" data-widget_type=\"gallery.default\">\n\t\t\t\t<div class=\"elementor-widget-container\">\n\t\t\t\t\t\t\t<div class=\"elementor-gallery__container\">\n\t\t\t\t\t\t\t<a class=\"e-gallery-item elementor-gallery-item elementor-animated-content\" href=\"https:\/\/elkureshi.com\/wp-content\/uploads\/2022\/07\/s1.jpg\" data-elementor-open-lightbox=\"yes\" data-elementor-lightbox-slideshow=\"685f597\" data-elementor-lightbox-title=\"s1\" data-e-action-hash=\"#elementor-action%3Aaction%3Dlightbox%26settings%3DeyJpZCI6OTIzNSwidXJsIjoiaHR0cHM6XC9cL2Vsa3VyZXNoaS5jb21cL3dwLWNvbnRlbnRcL3VwbG9hZHNcLzIwMjJcLzA3XC9zMS5qcGciLCJzbGlkZXNob3ciOiI2ODVmNTk3In0%3D\">\n\t\t\t\t\t<div class=\"e-gallery-image elementor-gallery-item__image\" data-thumbnail=\"https:\/\/elkureshi.com\/wp-content\/uploads\/2022\/07\/s1.jpg\" data-width=\"900\" data-height=\"506\" aria-label=\"\" role=\"img\" ><\/div>\n\t\t\t\t\t\t\t\t\t\t\t<div class=\"elementor-gallery-item__overlay\"><\/div>\n\t\t\t\t\t\t\t\t\t\t\t\t\t\t<\/a>\n\t\t\t\t\t\t\t<a class=\"e-gallery-item elementor-gallery-item elementor-animated-content\" href=\"https:\/\/elkureshi.com\/wp-content\/uploads\/2022\/07\/s2.jpg\" data-elementor-open-lightbox=\"yes\" data-elementor-lightbox-slideshow=\"685f597\" data-elementor-lightbox-title=\"s2\" data-e-action-hash=\"#elementor-action%3Aaction%3Dlightbox%26settings%3DeyJpZCI6OTIzNywidXJsIjoiaHR0cHM6XC9cL2Vsa3VyZXNoaS5jb21cL3dwLWNvbnRlbnRcL3VwbG9hZHNcLzIwMjJcLzA3XC9zMi5qcGciLCJzbGlkZXNob3ciOiI2ODVmNTk3In0%3D\">\n\t\t\t\t\t<div class=\"e-gallery-image elementor-gallery-item__image\" data-thumbnail=\"https:\/\/elkureshi.com\/wp-content\/uploads\/2022\/07\/s2.jpg\" data-width=\"900\" data-height=\"600\" aria-label=\"\" role=\"img\" ><\/div>\n\t\t\t\t\t\t\t\t\t\t\t<div class=\"elementor-gallery-item__overlay\"><\/div>\n\t\t\t\t\t\t\t\t\t\t\t\t\t\t<\/a>\n\t\t\t\t\t<\/div>\n\t\t\t\t\t<\/div>\n\t\t\t\t<\/div>\n\t\t\t\t\t<\/div>\n\t\t<\/div>\n\t\t\t\t\t<\/div>\n\t\t<\/section>\n\t\t\t\t\t<\/div>\n\t\t<\/div>\n\t\t\t\t\t<\/div>\n\t\t<\/section>\n\t\t\t\t<\/div>\n\t\t","protected":false},"excerpt":{"rendered":"<p>Hizmetlerimiz \u015eirketimizde, yerba mate yapraklar\u0131n\u0131 belirli ve belirli alanlardan ve \u00e7iftliklerden ithal etmekte ve yerba mate yapra\u011f\u0131 hemen hemen ayn\u0131<\/p>\n","protected":false},"author":1,"featured_media":0,"parent":0,"menu_order":0,"comment_status":"closed","ping_status":"closed","template":"","meta":{"footnotes":""},"class_list":["post-9631","page","type-page","status-publish","hentry"],"_links":{"self":[{"href":"https:\/\/elkureshi.com\/tr\/wp-json\/wp\/v2\/pages\/9631","targetHints":{"allow":["GET"]}}],"collection":[{"href":"https:\/\/elkureshi.com\/tr\/wp-json\/wp\/v2\/pages"}],"about":[{"href":"https:\/\/elkureshi.com\/tr\/wp-json\/wp\/v2\/types\/page"}],"author":[{"embeddable":true,"href":"https:\/\/elkureshi.com\/tr\/wp-json\/wp\/v2\/users\/1"}],"replies":[{"embeddable":true,"href":"https:\/\/elkureshi.com\/tr\/wp-json\/wp\/v2\/comments?post=9631"}],"version-history":[{"count":7,"href":"https:\/\/elkureshi.com\/tr\/wp-json\/wp\/v2\/pages\/9631\/revisions"}],"predecessor-version":[{"id":9777,"href":"https:\/\/elkureshi.com\/tr\/wp-json\/wp\/v2\/pages\/9631\/revisions\/9777"}],"wp:attachment":[{"href":"https:\/\/elkureshi.com\/tr\/wp-json\/wp\/v2\/media?parent=9631"}],"curies":[{"name":"wp","href":"https:\/\/api.w.org\/{rel}","templated":true}]}}